{"id":3510,"date":"2021-10-13T19:59:24","date_gmt":"2021-10-13T19:59:24","guid":{"rendered":"https:\/\/maoyipacific.com\/?post_type=product&#038;p=3510"},"modified":"2021-10-13T19:59:25","modified_gmt":"2021-10-13T19:59:25","slug":"termohigrometro","status":"publish","type":"product","link":"https:\/\/maoyipacific.com\/index.php\/product\/termohigrometro\/","title":{"rendered":"Termohigr\u00f3metro"},"content":{"rendered":"<p>El almacenamiento de datos podr\u00e1 ser visto por hora, d\u00eda, semana, mes y a\u00f1o, permitiendo asi<br \/>\nvisualizar el comportamiento del sensor.<br \/>\nEstos sensores trabajan de la mano de la aplicaci\u00f3n Govee que podr\u00e1 ser descargada en Play Store<br \/>\no App store. Te permitir\u00e1 tener resultados exactos y precisos que podr\u00e1n ser vistos diariamente y<br \/>\nexportados al correo o al celular.<br \/>\nLa aplicaci\u00f3n presiona la notificaci\u00f3n una vez que la temperatura o la humedad salen del rango<br \/>\npreestablecido.<br \/>\nSon utilizados en espacios abiertos o en interiores dependiendo de tu necesidad.<\/p>\n","protected":false},"excerpt":{"rendered":"<p>Cuenta con un monitor de humedad de temperatura con pantalla LCD de alta resoluci\u00f3n.<br \/>\nTiene un sensor de temperatura Bluetooth con una velocidad de respuesta de 2s registrando las<br \/>\nultimas temperaturas.<\/p>\n","protected":false},"featured_media":3511,"comment_status":"open","ping_status":"closed","template":"","meta":{"om_disable_all_campaigns":false,"_monsterinsights_skip_tracking":false,"_monsterinsights_sitenote_active":false,"_monsterinsights_sitenote_note":"","_monsterinsights_sitenote_category":0},"product_cat":[40],"product_tag":[],"yoast_head":"<!-- This site is optimized with the Yoast SEO plugin v16.7 - https:\/\/yoast.com\/wordpress\/plugins\/seo\/ -->\n<title>Termohigr\u00f3metro - Maoyi Pacific<\/title>\n<meta name=\"robots\" content=\"index, follow, max-snippet:-1, max-image-preview:large, max-video-preview:-1\" \/>\n<link rel=\"canonical\" href=\"https:\/\/maoyipacific.com\/index.php\/product\/termohigrometro\/\" \/>\n<meta property=\"og:locale\" content=\"es_ES\" \/>\n<meta property=\"og:type\" content=\"article\" \/>\n<meta property=\"og:title\" content=\"Termohigr\u00f3metro - Maoyi Pacific\" \/>\n<meta property=\"og:description\" content=\"Cuenta con un monitor de humedad de temperatura con pantalla LCD de alta resoluci\u00f3n. Tiene un sensor de temperatura Bluetooth con una velocidad de respuesta de 2s registrando las ultimas temperaturas.\" \/>\n<meta property=\"og:url\" content=\"https:\/\/maoyipacific.com\/index.php\/product\/termohigrometro\/\" \/>\n<meta property=\"og:site_name\" content=\"Maoyi Pacific\" \/>\n<meta property=\"article:modified_time\" content=\"2021-10-13T19:59:25+00:00\" \/>\n<meta property=\"og:image\" content=\"https:\/\/maoyipacific.com\/wp-content\/uploads\/2021\/10\/goove.jpg\" \/>\n\t<meta property=\"og:image:width\" content=\"1500\" \/>\n\t<meta property=\"og:image:height\" content=\"1500\" \/>\n<meta name=\"twitter:card\" content=\"summary_large_image\" \/>\n<meta name=\"twitter:label1\" content=\"Tiempo de lectura\" \/>\n\t<meta name=\"twitter:data1\" content=\"1 minuto\" \/>\n<script type=\"application\/ld+json\" class=\"yoast-schema-graph\">{\"@context\":\"https:\/\/schema.org\",\"@graph\":[{\"@type\":\"WebSite\",\"@id\":\"https:\/\/maoyipacific.com\/#website\",\"url\":\"https:\/\/maoyipacific.com\/\",\"name\":\"Maoyi Pacific\",\"description\":\"\",\"potentialAction\":[{\"@type\":\"SearchAction\",\"target\":{\"@type\":\"EntryPoint\",\"urlTemplate\":\"https:\/\/maoyipacific.com\/?s={search_term_string}\"},\"query-input\":\"required name=search_term_string\"}],\"inLanguage\":\"es\"},{\"@type\":\"ImageObject\",\"@id\":\"https:\/\/maoyipacific.com\/index.php\/product\/termohigrometro\/#primaryimage\",\"inLanguage\":\"es\",\"url\":\"https:\/\/maoyipacific.com\/wp-content\/uploads\/2021\/10\/goove.jpg\",\"contentUrl\":\"https:\/\/maoyipacific.com\/wp-content\/uploads\/2021\/10\/goove.jpg\",\"width\":1500,\"height\":1500},{\"@type\":\"WebPage\",\"@id\":\"https:\/\/maoyipacific.com\/index.php\/product\/termohigrometro\/#webpage\",\"url\":\"https:\/\/maoyipacific.com\/index.php\/product\/termohigrometro\/\",\"name\":\"Termohigr\\u00f3metro - Maoyi Pacific\",\"isPartOf\":{\"@id\":\"https:\/\/maoyipacific.com\/#website\"},\"primaryImageOfPage\":{\"@id\":\"https:\/\/maoyipacific.com\/index.php\/product\/termohigrometro\/#primaryimage\"},\"datePublished\":\"2021-10-13T19:59:24+00:00\",\"dateModified\":\"2021-10-13T19:59:25+00:00\",\"breadcrumb\":{\"@id\":\"https:\/\/maoyipacific.com\/index.php\/product\/termohigrometro\/#breadcrumb\"},\"inLanguage\":\"es\",\"potentialAction\":[{\"@type\":\"ReadAction\",\"target\":[\"https:\/\/maoyipacific.com\/index.php\/product\/termohigrometro\/\"]}]},{\"@type\":\"BreadcrumbList\",\"@id\":\"https:\/\/maoyipacific.com\/index.php\/product\/termohigrometro\/#breadcrumb\",\"itemListElement\":[{\"@type\":\"ListItem\",\"position\":1,\"name\":\"Portada\",\"item\":\"https:\/\/maoyipacific.com\/\"},{\"@type\":\"ListItem\",\"position\":2,\"name\":\"Store\",\"item\":\"https:\/\/maoyipacific.com\/index.php\/store\/\"},{\"@type\":\"ListItem\",\"position\":3,\"name\":\"Termohigr\\u00f3metro\"}]}]}<\/script>\n<!-- \/ Yoast SEO plugin. -->","yoast_head_json":{"title":"Termohigr\u00f3metro - Maoyi Pacific","robots":{"index":"index","follow":"follow","max-snippet":"max-snippet:-1","max-image-preview":"max-image-preview:large","max-video-preview":"max-video-preview:-1"},"canonical":"https:\/\/maoyipacific.com\/index.php\/product\/termohigrometro\/","og_locale":"es_ES","og_type":"article","og_title":"Termohigr\u00f3metro - Maoyi Pacific","og_description":"Cuenta con un monitor de humedad de temperatura con pantalla LCD de alta resoluci\u00f3n. Tiene un sensor de temperatura Bluetooth con una velocidad de respuesta de 2s registrando las ultimas temperaturas.","og_url":"https:\/\/maoyipacific.com\/index.php\/product\/termohigrometro\/","og_site_name":"Maoyi Pacific","article_modified_time":"2021-10-13T19:59:25+00:00","og_image":[{"width":1500,"height":1500,"url":"https:\/\/maoyipacific.com\/wp-content\/uploads\/2021\/10\/goove.jpg","path":"\/home\/u896724729\/domains\/maoyipacific.com\/public_html\/wp-content\/uploads\/2021\/10\/goove.jpg","size":"full","id":3511,"alt":"","pixels":2250000,"type":"image\/jpeg"}],"twitter_card":"summary_large_image","twitter_misc":{"Tiempo de lectura":"1 minuto"},"schema":{"@context":"https:\/\/schema.org","@graph":[{"@type":"WebSite","@id":"https:\/\/maoyipacific.com\/#website","url":"https:\/\/maoyipacific.com\/","name":"Maoyi Pacific","description":"","potentialAction":[{"@type":"SearchAction","target":{"@type":"EntryPoint","urlTemplate":"https:\/\/maoyipacific.com\/?s={search_term_string}"},"query-input":"required name=search_term_string"}],"inLanguage":"es"},{"@type":"ImageObject","@id":"https:\/\/maoyipacific.com\/index.php\/product\/termohigrometro\/#primaryimage","inLanguage":"es","url":"https:\/\/maoyipacific.com\/wp-content\/uploads\/2021\/10\/goove.jpg","contentUrl":"https:\/\/maoyipacific.com\/wp-content\/uploads\/2021\/10\/goove.jpg","width":1500,"height":1500},{"@type":"WebPage","@id":"https:\/\/maoyipacific.com\/index.php\/product\/termohigrometro\/#webpage","url":"https:\/\/maoyipacific.com\/index.php\/product\/termohigrometro\/","name":"Termohigr\u00f3metro - Maoyi Pacific","isPartOf":{"@id":"https:\/\/maoyipacific.com\/#website"},"primaryImageOfPage":{"@id":"https:\/\/maoyipacific.com\/index.php\/product\/termohigrometro\/#primaryimage"},"datePublished":"2021-10-13T19:59:24+00:00","dateModified":"2021-10-13T19:59:25+00:00","breadcrumb":{"@id":"https:\/\/maoyipacific.com\/index.php\/product\/termohigrometro\/#breadcrumb"},"inLanguage":"es","potentialAction":[{"@type":"ReadAction","target":["https:\/\/maoyipacific.com\/index.php\/product\/termohigrometro\/"]}]},{"@type":"BreadcrumbList","@id":"https:\/\/maoyipacific.com\/index.php\/product\/termohigrometro\/#breadcrumb","itemListElement":[{"@type":"ListItem","position":1,"name":"Portada","item":"https:\/\/maoyipacific.com\/"},{"@type":"ListItem","position":2,"name":"Store","item":"https:\/\/maoyipacific.com\/index.php\/store\/"},{"@type":"ListItem","position":3,"name":"Termohigr\u00f3metro"}]}]}},"_links":{"self":[{"href":"https:\/\/maoyipacific.com\/index.php\/wp-json\/wp\/v2\/product\/3510"}],"collection":[{"href":"https:\/\/maoyipacific.com\/index.php\/wp-json\/wp\/v2\/product"}],"about":[{"href":"https:\/\/maoyipacific.com\/index.php\/wp-json\/wp\/v2\/types\/product"}],"replies":[{"embeddable":true,"href":"https:\/\/maoyipacific.com\/index.php\/wp-json\/wp\/v2\/comments?post=3510"}],"version-history":[{"count":1,"href":"https:\/\/maoyipacific.com\/index.php\/wp-json\/wp\/v2\/product\/3510\/revisions"}],"predecessor-version":[{"id":3512,"href":"https:\/\/maoyipacific.com\/index.php\/wp-json\/wp\/v2\/product\/3510\/revisions\/3512"}],"wp:featuredmedia":[{"embeddable":true,"href":"https:\/\/maoyipacific.com\/index.php\/wp-json\/wp\/v2\/media\/3511"}],"wp:attachment":[{"href":"https:\/\/maoyipacific.com\/index.php\/wp-json\/wp\/v2\/media?parent=3510"}],"wp:term":[{"taxonomy":"product_cat","embeddable":true,"href":"https:\/\/maoyipacific.com\/index.php\/wp-json\/wp\/v2\/product_cat?post=3510"},{"taxonomy":"product_tag","embeddable":true,"href":"https:\/\/maoyipacific.com\/index.php\/wp-json\/wp\/v2\/product_tag?post=3510"}],"curies":[{"name":"wp","href":"https:\/\/api.w.org\/{rel}","templated":true}]}}