{"id":3339,"date":"2021-08-04T15:52:33","date_gmt":"2021-08-04T15:52:33","guid":{"rendered":"https:\/\/maoyipacific.com\/?post_type=product&#038;p=3339"},"modified":"2021-08-04T15:52:33","modified_gmt":"2021-08-04T15:52:33","slug":"cubeta-plastica-para-huevo","status":"publish","type":"product","link":"https:\/\/maoyipacific.com\/index.php\/product\/cubeta-plastica-para-huevo\/","title":{"rendered":"Cubeta pl\u00e1stica para huevo"},"content":{"rendered":"<p>Caracter\u00edsticas:<\/p>\n<p>Dise\u00f1ada para transporte, cargue y descargue del huevo reduciendo riesgos. Especial para huevos tipo B y C. Producto para uso industrial y dom\u00e9stico<\/p>\n","protected":false},"excerpt":{"rendered":"<p>Caracter\u00edsticas: Dise\u00f1ada para transporte, cargue y descargue del huevo reduciendo riesgos. Especial para huevos tipo B y C. Producto para uso industrial y dom\u00e9stico<\/p>\n","protected":false},"featured_media":3342,"comment_status":"open","ping_status":"closed","template":"","meta":{"om_disable_all_campaigns":false,"_monsterinsights_skip_tracking":false,"_monsterinsights_sitenote_active":false,"_monsterinsights_sitenote_note":"","_monsterinsights_sitenote_category":0},"product_cat":[40],"product_tag":[],"yoast_head":"<!-- This site is optimized with the Yoast SEO plugin v16.7 - https:\/\/yoast.com\/wordpress\/plugins\/seo\/ -->\n<title>Cubeta pl\u00e1stica para huevo - Maoyi Pacific<\/title>\n<meta name=\"robots\" content=\"index, follow, max-snippet:-1, max-image-preview:large, max-video-preview:-1\" \/>\n<link rel=\"canonical\" href=\"https:\/\/maoyipacific.com\/index.php\/product\/cubeta-plastica-para-huevo\/\" \/>\n<meta property=\"og:locale\" content=\"es_ES\" \/>\n<meta property=\"og:type\" content=\"article\" \/>\n<meta property=\"og:title\" content=\"Cubeta pl\u00e1stica para huevo - Maoyi Pacific\" \/>\n<meta property=\"og:description\" content=\"Caracter\u00edsticas: Dise\u00f1ada para transporte, cargue y descargue del huevo reduciendo riesgos. Especial para huevos tipo B y C. Producto para uso industrial y dom\u00e9stico\" \/>\n<meta property=\"og:url\" content=\"https:\/\/maoyipacific.com\/index.php\/product\/cubeta-plastica-para-huevo\/\" \/>\n<meta property=\"og:site_name\" content=\"Maoyi Pacific\" \/>\n<meta property=\"og:image\" content=\"https:\/\/maoyipacific.com\/wp-content\/uploads\/2021\/08\/cubeta-2.png\" \/>\n\t<meta property=\"og:image:width\" content=\"1400\" \/>\n\t<meta property=\"og:image:height\" content=\"1400\" \/>\n<meta name=\"twitter:card\" content=\"summary_large_image\" \/>\n<meta name=\"twitter:label1\" content=\"Tiempo de lectura\" \/>\n\t<meta name=\"twitter:data1\" content=\"1 minuto\" \/>\n<script type=\"application\/ld+json\" class=\"yoast-schema-graph\">{\"@context\":\"https:\/\/schema.org\",\"@graph\":[{\"@type\":\"WebSite\",\"@id\":\"https:\/\/maoyipacific.com\/#website\",\"url\":\"https:\/\/maoyipacific.com\/\",\"name\":\"Maoyi Pacific\",\"description\":\"\",\"potentialAction\":[{\"@type\":\"SearchAction\",\"target\":{\"@type\":\"EntryPoint\",\"urlTemplate\":\"https:\/\/maoyipacific.com\/?s={search_term_string}\"},\"query-input\":\"required name=search_term_string\"}],\"inLanguage\":\"es\"},{\"@type\":\"ImageObject\",\"@id\":\"https:\/\/maoyipacific.com\/index.php\/product\/cubeta-plastica-para-huevo\/#primaryimage\",\"inLanguage\":\"es\",\"url\":\"https:\/\/maoyipacific.com\/wp-content\/uploads\/2021\/08\/cubeta-2.png\",\"contentUrl\":\"https:\/\/maoyipacific.com\/wp-content\/uploads\/2021\/08\/cubeta-2.png\",\"width\":1400,\"height\":1400},{\"@type\":\"WebPage\",\"@id\":\"https:\/\/maoyipacific.com\/index.php\/product\/cubeta-plastica-para-huevo\/#webpage\",\"url\":\"https:\/\/maoyipacific.com\/index.php\/product\/cubeta-plastica-para-huevo\/\",\"name\":\"Cubeta pl\\u00e1stica para huevo - Maoyi Pacific\",\"isPartOf\":{\"@id\":\"https:\/\/maoyipacific.com\/#website\"},\"primaryImageOfPage\":{\"@id\":\"https:\/\/maoyipacific.com\/index.php\/product\/cubeta-plastica-para-huevo\/#primaryimage\"},\"datePublished\":\"2021-08-04T15:52:33+00:00\",\"dateModified\":\"2021-08-04T15:52:33+00:00\",\"breadcrumb\":{\"@id\":\"https:\/\/maoyipacific.com\/index.php\/product\/cubeta-plastica-para-huevo\/#breadcrumb\"},\"inLanguage\":\"es\",\"potentialAction\":[{\"@type\":\"ReadAction\",\"target\":[\"https:\/\/maoyipacific.com\/index.php\/product\/cubeta-plastica-para-huevo\/\"]}]},{\"@type\":\"BreadcrumbList\",\"@id\":\"https:\/\/maoyipacific.com\/index.php\/product\/cubeta-plastica-para-huevo\/#breadcrumb\",\"itemListElement\":[{\"@type\":\"ListItem\",\"position\":1,\"name\":\"Portada\",\"item\":\"https:\/\/maoyipacific.com\/\"},{\"@type\":\"ListItem\",\"position\":2,\"name\":\"Store\",\"item\":\"https:\/\/maoyipacific.com\/index.php\/store\/\"},{\"@type\":\"ListItem\",\"position\":3,\"name\":\"Cubeta pl\\u00e1stica para huevo\"}]}]}<\/script>\n<!-- \/ Yoast SEO plugin. -->","yoast_head_json":{"title":"Cubeta pl\u00e1stica para huevo - Maoyi Pacific","robots":{"index":"index","follow":"follow","max-snippet":"max-snippet:-1","max-image-preview":"max-image-preview:large","max-video-preview":"max-video-preview:-1"},"canonical":"https:\/\/maoyipacific.com\/index.php\/product\/cubeta-plastica-para-huevo\/","og_locale":"es_ES","og_type":"article","og_title":"Cubeta pl\u00e1stica para huevo - Maoyi Pacific","og_description":"Caracter\u00edsticas: Dise\u00f1ada para transporte, cargue y descargue del huevo reduciendo riesgos. Especial para huevos tipo B y C. Producto para uso industrial y dom\u00e9stico","og_url":"https:\/\/maoyipacific.com\/index.php\/product\/cubeta-plastica-para-huevo\/","og_site_name":"Maoyi Pacific","og_image":[{"width":1400,"height":1400,"url":"https:\/\/maoyipacific.com\/wp-content\/uploads\/2021\/08\/cubeta-2.png","path":"\/home\/u896724729\/domains\/maoyipacific.com\/public_html\/wp-content\/uploads\/2021\/08\/cubeta-2.png","size":"full","id":3342,"alt":"","pixels":1960000,"type":"image\/png"}],"twitter_card":"summary_large_image","twitter_misc":{"Tiempo de lectura":"1 minuto"},"schema":{"@context":"https:\/\/schema.org","@graph":[{"@type":"WebSite","@id":"https:\/\/maoyipacific.com\/#website","url":"https:\/\/maoyipacific.com\/","name":"Maoyi Pacific","description":"","potentialAction":[{"@type":"SearchAction","target":{"@type":"EntryPoint","urlTemplate":"https:\/\/maoyipacific.com\/?s={search_term_string}"},"query-input":"required name=search_term_string"}],"inLanguage":"es"},{"@type":"ImageObject","@id":"https:\/\/maoyipacific.com\/index.php\/product\/cubeta-plastica-para-huevo\/#primaryimage","inLanguage":"es","url":"https:\/\/maoyipacific.com\/wp-content\/uploads\/2021\/08\/cubeta-2.png","contentUrl":"https:\/\/maoyipacific.com\/wp-content\/uploads\/2021\/08\/cubeta-2.png","width":1400,"height":1400},{"@type":"WebPage","@id":"https:\/\/maoyipacific.com\/index.php\/product\/cubeta-plastica-para-huevo\/#webpage","url":"https:\/\/maoyipacific.com\/index.php\/product\/cubeta-plastica-para-huevo\/","name":"Cubeta pl\u00e1stica para huevo - Maoyi Pacific","isPartOf":{"@id":"https:\/\/maoyipacific.com\/#website"},"primaryImageOfPage":{"@id":"https:\/\/maoyipacific.com\/index.php\/product\/cubeta-plastica-para-huevo\/#primaryimage"},"datePublished":"2021-08-04T15:52:33+00:00","dateModified":"2021-08-04T15:52:33+00:00","breadcrumb":{"@id":"https:\/\/maoyipacific.com\/index.php\/product\/cubeta-plastica-para-huevo\/#breadcrumb"},"inLanguage":"es","potentialAction":[{"@type":"ReadAction","target":["https:\/\/maoyipacific.com\/index.php\/product\/cubeta-plastica-para-huevo\/"]}]},{"@type":"BreadcrumbList","@id":"https:\/\/maoyipacific.com\/index.php\/product\/cubeta-plastica-para-huevo\/#breadcrumb","itemListElement":[{"@type":"ListItem","position":1,"name":"Portada","item":"https:\/\/maoyipacific.com\/"},{"@type":"ListItem","position":2,"name":"Store","item":"https:\/\/maoyipacific.com\/index.php\/store\/"},{"@type":"ListItem","position":3,"name":"Cubeta pl\u00e1stica para huevo"}]}]}},"_links":{"self":[{"href":"https:\/\/maoyipacific.com\/index.php\/wp-json\/wp\/v2\/product\/3339"}],"collection":[{"href":"https:\/\/maoyipacific.com\/index.php\/wp-json\/wp\/v2\/product"}],"about":[{"href":"https:\/\/maoyipacific.com\/index.php\/wp-json\/wp\/v2\/types\/product"}],"replies":[{"embeddable":true,"href":"https:\/\/maoyipacific.com\/index.php\/wp-json\/wp\/v2\/comments?post=3339"}],"version-history":[{"count":1,"href":"https:\/\/maoyipacific.com\/index.php\/wp-json\/wp\/v2\/product\/3339\/revisions"}],"predecessor-version":[{"id":3345,"href":"https:\/\/maoyipacific.com\/index.php\/wp-json\/wp\/v2\/product\/3339\/revisions\/3345"}],"wp:featuredmedia":[{"embeddable":true,"href":"https:\/\/maoyipacific.com\/index.php\/wp-json\/wp\/v2\/media\/3342"}],"wp:attachment":[{"href":"https:\/\/maoyipacific.com\/index.php\/wp-json\/wp\/v2\/media?parent=3339"}],"wp:term":[{"taxonomy":"product_cat","embeddable":true,"href":"https:\/\/maoyipacific.com\/index.php\/wp-json\/wp\/v2\/product_cat?post=3339"},{"taxonomy":"product_tag","embeddable":true,"href":"https:\/\/maoyipacific.com\/index.php\/wp-json\/wp\/v2\/product_tag?post=3339"}],"curies":[{"name":"wp","href":"https:\/\/api.w.org\/{rel}","templated":true}]}}