{"id":3329,"date":"2021-08-04T15:46:18","date_gmt":"2021-08-04T15:46:18","guid":{"rendered":"https:\/\/maoyipacific.com\/?post_type=product&#038;p=3329"},"modified":"2025-05-25T13:30:28","modified_gmt":"2025-05-25T13:30:28","slug":"comedero-campana-lhaura","status":"publish","type":"product","link":"https:\/\/maoyipacific.com\/index.php\/product\/comedero-campana-lhaura\/","title":{"rendered":"Comedero campana Lhaura"},"content":{"rendered":"<p>Caracter\u00edsticas:<\/p>\n<p>Bebedero fabricado en un material resistente, con sistema de v\u00e1lvula integrada, ideal para el suministro constante de agua limpia y saludable para galp\u00f3n.<\/p>\n<p>Medidas:<\/p>\n<p>39 cm de di\u00e1metro x 48cm de altura.<\/p>\n<p>Peso:<\/p>\n<p>946 gr.<\/p>\n<p>Usos:<\/p>\n<p>Sistema de contrapeso que evita desperdicios de agua.<\/p>\n<p>Cuenta con un gal\u00e1pago que adhiere eficazmente el bebedero a la tuber\u00eda de suministro de agua.<\/p>\n<p>&nbsp;<\/p>\n","protected":false},"excerpt":{"rendered":"<p>Caracter\u00edsticas: Bebedero fabricado en un material resistente, con sistema de v\u00e1lvula integrada, ideal para el suministro constante de agua limpia y saludable para galp\u00f3n. Medidas: 39 cm de di\u00e1metro x 48cm de altura. Peso: 946 gr. Usos: Sistema de contrapeso que evita desperdicios de agua. Cuenta con un gal\u00e1pago que adhiere eficazmente el bebedero a &hellip;<\/p>\n<p class=\"read-more\"> <a class=\"\" href=\"https:\/\/maoyipacific.com\/index.php\/product\/comedero-campana-lhaura\/\"> <span class=\"screen-reader-text\">Comedero campana Lhaura<\/span> Leer m\u00e1s &raquo;<\/a><\/p>\n","protected":false},"featured_media":3325,"comment_status":"open","ping_status":"closed","template":"","meta":{"om_disable_all_campaigns":false,"_monsterinsights_skip_tracking":false,"_monsterinsights_sitenote_active":false,"_monsterinsights_sitenote_note":"","_monsterinsights_sitenote_category":0},"product_cat":[40],"product_tag":[],"yoast_head":"<!-- This site is optimized with the Yoast SEO plugin v16.7 - https:\/\/yoast.com\/wordpress\/plugins\/seo\/ -->\n<title>Comedero campana Lhaura - Maoyi Pacific<\/title>\n<meta name=\"robots\" content=\"index, follow, max-snippet:-1, max-image-preview:large, max-video-preview:-1\" \/>\n<link rel=\"canonical\" href=\"https:\/\/maoyipacific.com\/index.php\/product\/comedero-campana-lhaura\/\" \/>\n<meta property=\"og:locale\" content=\"es_ES\" \/>\n<meta property=\"og:type\" content=\"article\" \/>\n<meta property=\"og:title\" content=\"Comedero campana Lhaura - Maoyi Pacific\" \/>\n<meta property=\"og:description\" content=\"Caracter\u00edsticas: Bebedero fabricado en un material resistente, con sistema de v\u00e1lvula integrada, ideal para el suministro constante de agua limpia y saludable para galp\u00f3n. Medidas: 39 cm de di\u00e1metro x 48cm de altura. Peso: 946 gr. Usos: Sistema de contrapeso que evita desperdicios de agua. Cuenta con un gal\u00e1pago que adhiere eficazmente el bebedero a &hellip; Comedero campana Lhaura Leer m\u00e1s &raquo;\" \/>\n<meta property=\"og:url\" content=\"https:\/\/maoyipacific.com\/index.php\/product\/comedero-campana-lhaura\/\" \/>\n<meta property=\"og:site_name\" content=\"Maoyi Pacific\" \/>\n<meta property=\"article:modified_time\" content=\"2025-05-25T13:30:28+00:00\" \/>\n<meta property=\"og:image\" content=\"https:\/\/maoyipacific.com\/wp-content\/uploads\/2021\/08\/48.png\" \/>\n\t<meta property=\"og:image:width\" content=\"1400\" \/>\n\t<meta property=\"og:image:height\" content=\"1400\" \/>\n<meta name=\"twitter:card\" content=\"summary_large_image\" \/>\n<meta name=\"twitter:label1\" content=\"Tiempo de lectura\" \/>\n\t<meta name=\"twitter:data1\" content=\"1 minuto\" \/>\n<script type=\"application\/ld+json\" class=\"yoast-schema-graph\">{\"@context\":\"https:\/\/schema.org\",\"@graph\":[{\"@type\":\"WebSite\",\"@id\":\"https:\/\/maoyipacific.com\/#website\",\"url\":\"https:\/\/maoyipacific.com\/\",\"name\":\"Maoyi Pacific\",\"description\":\"\",\"potentialAction\":[{\"@type\":\"SearchAction\",\"target\":{\"@type\":\"EntryPoint\",\"urlTemplate\":\"https:\/\/maoyipacific.com\/?s={search_term_string}\"},\"query-input\":\"required name=search_term_string\"}],\"inLanguage\":\"es\"},{\"@type\":\"ImageObject\",\"@id\":\"https:\/\/maoyipacific.com\/index.php\/product\/comedero-campana-lhaura\/#primaryimage\",\"inLanguage\":\"es\",\"url\":\"https:\/\/maoyipacific.com\/wp-content\/uploads\/2021\/08\/48.png\",\"contentUrl\":\"https:\/\/maoyipacific.com\/wp-content\/uploads\/2021\/08\/48.png\",\"width\":1400,\"height\":1400},{\"@type\":\"WebPage\",\"@id\":\"https:\/\/maoyipacific.com\/index.php\/product\/comedero-campana-lhaura\/#webpage\",\"url\":\"https:\/\/maoyipacific.com\/index.php\/product\/comedero-campana-lhaura\/\",\"name\":\"Comedero campana Lhaura - Maoyi Pacific\",\"isPartOf\":{\"@id\":\"https:\/\/maoyipacific.com\/#website\"},\"primaryImageOfPage\":{\"@id\":\"https:\/\/maoyipacific.com\/index.php\/product\/comedero-campana-lhaura\/#primaryimage\"},\"datePublished\":\"2021-08-04T15:46:18+00:00\",\"dateModified\":\"2025-05-25T13:30:28+00:00\",\"breadcrumb\":{\"@id\":\"https:\/\/maoyipacific.com\/index.php\/product\/comedero-campana-lhaura\/#breadcrumb\"},\"inLanguage\":\"es\",\"potentialAction\":[{\"@type\":\"ReadAction\",\"target\":[\"https:\/\/maoyipacific.com\/index.php\/product\/comedero-campana-lhaura\/\"]}]},{\"@type\":\"BreadcrumbList\",\"@id\":\"https:\/\/maoyipacific.com\/index.php\/product\/comedero-campana-lhaura\/#breadcrumb\",\"itemListElement\":[{\"@type\":\"ListItem\",\"position\":1,\"name\":\"Portada\",\"item\":\"https:\/\/maoyipacific.com\/\"},{\"@type\":\"ListItem\",\"position\":2,\"name\":\"Store\",\"item\":\"https:\/\/maoyipacific.com\/index.php\/store\/\"},{\"@type\":\"ListItem\",\"position\":3,\"name\":\"Comedero campana Lhaura\"}]}]}<\/script>\n<!-- \/ Yoast SEO plugin. -->","yoast_head_json":{"title":"Comedero campana Lhaura - Maoyi Pacific","robots":{"index":"index","follow":"follow","max-snippet":"max-snippet:-1","max-image-preview":"max-image-preview:large","max-video-preview":"max-video-preview:-1"},"canonical":"https:\/\/maoyipacific.com\/index.php\/product\/comedero-campana-lhaura\/","og_locale":"es_ES","og_type":"article","og_title":"Comedero campana Lhaura - Maoyi Pacific","og_description":"Caracter\u00edsticas: Bebedero fabricado en un material resistente, con sistema de v\u00e1lvula integrada, ideal para el suministro constante de agua limpia y saludable para galp\u00f3n. Medidas: 39 cm de di\u00e1metro x 48cm de altura. Peso: 946 gr. Usos: Sistema de contrapeso que evita desperdicios de agua. Cuenta con un gal\u00e1pago que adhiere eficazmente el bebedero a &hellip; Comedero campana Lhaura Leer m\u00e1s &raquo;","og_url":"https:\/\/maoyipacific.com\/index.php\/product\/comedero-campana-lhaura\/","og_site_name":"Maoyi Pacific","article_modified_time":"2025-05-25T13:30:28+00:00","og_image":[{"width":1400,"height":1400,"url":"https:\/\/maoyipacific.com\/wp-content\/uploads\/2021\/08\/48.png","path":"\/home\/u896724729\/domains\/maoyipacific.com\/public_html\/wp-content\/uploads\/2021\/08\/48.png","size":"full","id":3325,"alt":"","pixels":1960000,"type":"image\/png"}],"twitter_card":"summary_large_image","twitter_misc":{"Tiempo de lectura":"1 minuto"},"schema":{"@context":"https:\/\/schema.org","@graph":[{"@type":"WebSite","@id":"https:\/\/maoyipacific.com\/#website","url":"https:\/\/maoyipacific.com\/","name":"Maoyi Pacific","description":"","potentialAction":[{"@type":"SearchAction","target":{"@type":"EntryPoint","urlTemplate":"https:\/\/maoyipacific.com\/?s={search_term_string}"},"query-input":"required name=search_term_string"}],"inLanguage":"es"},{"@type":"ImageObject","@id":"https:\/\/maoyipacific.com\/index.php\/product\/comedero-campana-lhaura\/#primaryimage","inLanguage":"es","url":"https:\/\/maoyipacific.com\/wp-content\/uploads\/2021\/08\/48.png","contentUrl":"https:\/\/maoyipacific.com\/wp-content\/uploads\/2021\/08\/48.png","width":1400,"height":1400},{"@type":"WebPage","@id":"https:\/\/maoyipacific.com\/index.php\/product\/comedero-campana-lhaura\/#webpage","url":"https:\/\/maoyipacific.com\/index.php\/product\/comedero-campana-lhaura\/","name":"Comedero campana Lhaura - Maoyi Pacific","isPartOf":{"@id":"https:\/\/maoyipacific.com\/#website"},"primaryImageOfPage":{"@id":"https:\/\/maoyipacific.com\/index.php\/product\/comedero-campana-lhaura\/#primaryimage"},"datePublished":"2021-08-04T15:46:18+00:00","dateModified":"2025-05-25T13:30:28+00:00","breadcrumb":{"@id":"https:\/\/maoyipacific.com\/index.php\/product\/comedero-campana-lhaura\/#breadcrumb"},"inLanguage":"es","potentialAction":[{"@type":"ReadAction","target":["https:\/\/maoyipacific.com\/index.php\/product\/comedero-campana-lhaura\/"]}]},{"@type":"BreadcrumbList","@id":"https:\/\/maoyipacific.com\/index.php\/product\/comedero-campana-lhaura\/#breadcrumb","itemListElement":[{"@type":"ListItem","position":1,"name":"Portada","item":"https:\/\/maoyipacific.com\/"},{"@type":"ListItem","position":2,"name":"Store","item":"https:\/\/maoyipacific.com\/index.php\/store\/"},{"@type":"ListItem","position":3,"name":"Comedero campana Lhaura"}]}]}},"_links":{"self":[{"href":"https:\/\/maoyipacific.com\/index.php\/wp-json\/wp\/v2\/product\/3329"}],"collection":[{"href":"https:\/\/maoyipacific.com\/index.php\/wp-json\/wp\/v2\/product"}],"about":[{"href":"https:\/\/maoyipacific.com\/index.php\/wp-json\/wp\/v2\/types\/product"}],"replies":[{"embeddable":true,"href":"https:\/\/maoyipacific.com\/index.php\/wp-json\/wp\/v2\/comments?post=3329"}],"version-history":[{"count":1,"href":"https:\/\/maoyipacific.com\/index.php\/wp-json\/wp\/v2\/product\/3329\/revisions"}],"predecessor-version":[{"id":3331,"href":"https:\/\/maoyipacific.com\/index.php\/wp-json\/wp\/v2\/product\/3329\/revisions\/3331"}],"wp:featuredmedia":[{"embeddable":true,"href":"https:\/\/maoyipacific.com\/index.php\/wp-json\/wp\/v2\/media\/3325"}],"wp:attachment":[{"href":"https:\/\/maoyipacific.com\/index.php\/wp-json\/wp\/v2\/media?parent=3329"}],"wp:term":[{"taxonomy":"product_cat","embeddable":true,"href":"https:\/\/maoyipacific.com\/index.php\/wp-json\/wp\/v2\/product_cat?post=3329"},{"taxonomy":"product_tag","embeddable":true,"href":"https:\/\/maoyipacific.com\/index.php\/wp-json\/wp\/v2\/product_tag?post=3329"}],"curies":[{"name":"wp","href":"https:\/\/api.w.org\/{rel}","templated":true}]}}