{"id":3308,"date":"2021-08-04T15:34:31","date_gmt":"2021-08-04T15:34:31","guid":{"rendered":"https:\/\/maoyipacific.com\/?post_type=product&#038;p=3308"},"modified":"2021-10-13T19:51:04","modified_gmt":"2021-10-13T19:51:04","slug":"malacate","status":"publish","type":"product","link":"https:\/\/maoyipacific.com\/index.php\/product\/malacate\/","title":{"rendered":"Malacate"},"content":{"rendered":"<p>Caracter\u00edsticas:<\/p>\n<p>El malacate Maoyi Pacific es un equipo de elevaci\u00f3n o tracci\u00f3n dise\u00f1ado para levantar o tirar las cargas livianas y pesadas.<\/p>\n<p>Incluye platina<\/p>\n<p>Medidas:<\/p>\n<ul>\n<li>1200 lbs.<\/li>\n<\/ul>\n","protected":false},"excerpt":{"rendered":"<p>Caracter\u00edsticas: El malacate Maoyi Pacific es un equipo de elevaci\u00f3n o tracci\u00f3n dise\u00f1ado para levantar o tirar las cargas livianas y pesadas. Incluye platina Medidas: 1200 lbs.<\/p>\n","protected":false},"featured_media":3288,"comment_status":"open","ping_status":"closed","template":"","meta":{"om_disable_all_campaigns":false,"_monsterinsights_skip_tracking":false,"_monsterinsights_sitenote_active":false,"_monsterinsights_sitenote_note":"","_monsterinsights_sitenote_category":0},"product_cat":[39],"product_tag":[],"yoast_head":"<!-- This site is optimized with the Yoast SEO plugin v16.7 - https:\/\/yoast.com\/wordpress\/plugins\/seo\/ -->\n<title>Malacate - Maoyi Pacific<\/title>\n<meta name=\"robots\" content=\"index, follow, max-snippet:-1, max-image-preview:large, max-video-preview:-1\" \/>\n<link rel=\"canonical\" href=\"https:\/\/maoyipacific.com\/index.php\/product\/malacate\/\" \/>\n<meta property=\"og:locale\" content=\"es_ES\" \/>\n<meta property=\"og:type\" content=\"article\" \/>\n<meta property=\"og:title\" content=\"Malacate - Maoyi Pacific\" \/>\n<meta property=\"og:description\" content=\"Caracter\u00edsticas: El malacate Maoyi Pacific es un equipo de elevaci\u00f3n o tracci\u00f3n dise\u00f1ado para levantar o tirar las cargas livianas y pesadas. Incluye platina Medidas: 1200 lbs.\" \/>\n<meta property=\"og:url\" content=\"https:\/\/maoyipacific.com\/index.php\/product\/malacate\/\" \/>\n<meta property=\"og:site_name\" content=\"Maoyi Pacific\" \/>\n<meta property=\"article:modified_time\" content=\"2021-10-13T19:51:04+00:00\" \/>\n<meta property=\"og:image\" content=\"https:\/\/maoyipacific.com\/wp-content\/uploads\/2021\/08\/malacate-2.png\" \/>\n\t<meta property=\"og:image:width\" content=\"1400\" \/>\n\t<meta property=\"og:image:height\" content=\"1400\" \/>\n<meta name=\"twitter:card\" content=\"summary_large_image\" \/>\n<meta name=\"twitter:label1\" content=\"Tiempo de lectura\" \/>\n\t<meta name=\"twitter:data1\" content=\"1 minuto\" \/>\n<script type=\"application\/ld+json\" class=\"yoast-schema-graph\">{\"@context\":\"https:\/\/schema.org\",\"@graph\":[{\"@type\":\"WebSite\",\"@id\":\"https:\/\/maoyipacific.com\/#website\",\"url\":\"https:\/\/maoyipacific.com\/\",\"name\":\"Maoyi Pacific\",\"description\":\"\",\"potentialAction\":[{\"@type\":\"SearchAction\",\"target\":{\"@type\":\"EntryPoint\",\"urlTemplate\":\"https:\/\/maoyipacific.com\/?s={search_term_string}\"},\"query-input\":\"required name=search_term_string\"}],\"inLanguage\":\"es\"},{\"@type\":\"ImageObject\",\"@id\":\"https:\/\/maoyipacific.com\/index.php\/product\/malacate\/#primaryimage\",\"inLanguage\":\"es\",\"url\":\"https:\/\/maoyipacific.com\/wp-content\/uploads\/2021\/08\/malacate-2.png\",\"contentUrl\":\"https:\/\/maoyipacific.com\/wp-content\/uploads\/2021\/08\/malacate-2.png\",\"width\":1400,\"height\":1400},{\"@type\":\"WebPage\",\"@id\":\"https:\/\/maoyipacific.com\/index.php\/product\/malacate\/#webpage\",\"url\":\"https:\/\/maoyipacific.com\/index.php\/product\/malacate\/\",\"name\":\"Malacate - Maoyi Pacific\",\"isPartOf\":{\"@id\":\"https:\/\/maoyipacific.com\/#website\"},\"primaryImageOfPage\":{\"@id\":\"https:\/\/maoyipacific.com\/index.php\/product\/malacate\/#primaryimage\"},\"datePublished\":\"2021-08-04T15:34:31+00:00\",\"dateModified\":\"2021-10-13T19:51:04+00:00\",\"breadcrumb\":{\"@id\":\"https:\/\/maoyipacific.com\/index.php\/product\/malacate\/#breadcrumb\"},\"inLanguage\":\"es\",\"potentialAction\":[{\"@type\":\"ReadAction\",\"target\":[\"https:\/\/maoyipacific.com\/index.php\/product\/malacate\/\"]}]},{\"@type\":\"BreadcrumbList\",\"@id\":\"https:\/\/maoyipacific.com\/index.php\/product\/malacate\/#breadcrumb\",\"itemListElement\":[{\"@type\":\"ListItem\",\"position\":1,\"name\":\"Portada\",\"item\":\"https:\/\/maoyipacific.com\/\"},{\"@type\":\"ListItem\",\"position\":2,\"name\":\"Store\",\"item\":\"https:\/\/maoyipacific.com\/index.php\/store\/\"},{\"@type\":\"ListItem\",\"position\":3,\"name\":\"Malacate\"}]}]}<\/script>\n<!-- \/ Yoast SEO plugin. -->","yoast_head_json":{"title":"Malacate - Maoyi Pacific","robots":{"index":"index","follow":"follow","max-snippet":"max-snippet:-1","max-image-preview":"max-image-preview:large","max-video-preview":"max-video-preview:-1"},"canonical":"https:\/\/maoyipacific.com\/index.php\/product\/malacate\/","og_locale":"es_ES","og_type":"article","og_title":"Malacate - Maoyi Pacific","og_description":"Caracter\u00edsticas: El malacate Maoyi Pacific es un equipo de elevaci\u00f3n o tracci\u00f3n dise\u00f1ado para levantar o tirar las cargas livianas y pesadas. Incluye platina Medidas: 1200 lbs.","og_url":"https:\/\/maoyipacific.com\/index.php\/product\/malacate\/","og_site_name":"Maoyi Pacific","article_modified_time":"2021-10-13T19:51:04+00:00","og_image":[{"width":1400,"height":1400,"url":"https:\/\/maoyipacific.com\/wp-content\/uploads\/2021\/08\/malacate-2.png","path":"\/home\/u896724729\/domains\/maoyipacific.com\/public_html\/wp-content\/uploads\/2021\/08\/malacate-2.png","size":"full","id":3288,"alt":"","pixels":1960000,"type":"image\/png"}],"twitter_card":"summary_large_image","twitter_misc":{"Tiempo de lectura":"1 minuto"},"schema":{"@context":"https:\/\/schema.org","@graph":[{"@type":"WebSite","@id":"https:\/\/maoyipacific.com\/#website","url":"https:\/\/maoyipacific.com\/","name":"Maoyi Pacific","description":"","potentialAction":[{"@type":"SearchAction","target":{"@type":"EntryPoint","urlTemplate":"https:\/\/maoyipacific.com\/?s={search_term_string}"},"query-input":"required name=search_term_string"}],"inLanguage":"es"},{"@type":"ImageObject","@id":"https:\/\/maoyipacific.com\/index.php\/product\/malacate\/#primaryimage","inLanguage":"es","url":"https:\/\/maoyipacific.com\/wp-content\/uploads\/2021\/08\/malacate-2.png","contentUrl":"https:\/\/maoyipacific.com\/wp-content\/uploads\/2021\/08\/malacate-2.png","width":1400,"height":1400},{"@type":"WebPage","@id":"https:\/\/maoyipacific.com\/index.php\/product\/malacate\/#webpage","url":"https:\/\/maoyipacific.com\/index.php\/product\/malacate\/","name":"Malacate - Maoyi Pacific","isPartOf":{"@id":"https:\/\/maoyipacific.com\/#website"},"primaryImageOfPage":{"@id":"https:\/\/maoyipacific.com\/index.php\/product\/malacate\/#primaryimage"},"datePublished":"2021-08-04T15:34:31+00:00","dateModified":"2021-10-13T19:51:04+00:00","breadcrumb":{"@id":"https:\/\/maoyipacific.com\/index.php\/product\/malacate\/#breadcrumb"},"inLanguage":"es","potentialAction":[{"@type":"ReadAction","target":["https:\/\/maoyipacific.com\/index.php\/product\/malacate\/"]}]},{"@type":"BreadcrumbList","@id":"https:\/\/maoyipacific.com\/index.php\/product\/malacate\/#breadcrumb","itemListElement":[{"@type":"ListItem","position":1,"name":"Portada","item":"https:\/\/maoyipacific.com\/"},{"@type":"ListItem","position":2,"name":"Store","item":"https:\/\/maoyipacific.com\/index.php\/store\/"},{"@type":"ListItem","position":3,"name":"Malacate"}]}]}},"_links":{"self":[{"href":"https:\/\/maoyipacific.com\/index.php\/wp-json\/wp\/v2\/product\/3308"}],"collection":[{"href":"https:\/\/maoyipacific.com\/index.php\/wp-json\/wp\/v2\/product"}],"about":[{"href":"https:\/\/maoyipacific.com\/index.php\/wp-json\/wp\/v2\/types\/product"}],"replies":[{"embeddable":true,"href":"https:\/\/maoyipacific.com\/index.php\/wp-json\/wp\/v2\/comments?post=3308"}],"version-history":[{"count":1,"href":"https:\/\/maoyipacific.com\/index.php\/wp-json\/wp\/v2\/product\/3308\/revisions"}],"predecessor-version":[{"id":3309,"href":"https:\/\/maoyipacific.com\/index.php\/wp-json\/wp\/v2\/product\/3308\/revisions\/3309"}],"wp:featuredmedia":[{"embeddable":true,"href":"https:\/\/maoyipacific.com\/index.php\/wp-json\/wp\/v2\/media\/3288"}],"wp:attachment":[{"href":"https:\/\/maoyipacific.com\/index.php\/wp-json\/wp\/v2\/media?parent=3308"}],"wp:term":[{"taxonomy":"product_cat","embeddable":true,"href":"https:\/\/maoyipacific.com\/index.php\/wp-json\/wp\/v2\/product_cat?post=3308"},{"taxonomy":"product_tag","embeddable":true,"href":"https:\/\/maoyipacific.com\/index.php\/wp-json\/wp\/v2\/product_tag?post=3308"}],"curies":[{"name":"wp","href":"https:\/\/api.w.org\/{rel}","templated":true}]}}