{"id":3259,"date":"2021-08-04T15:10:42","date_gmt":"2021-08-04T15:10:42","guid":{"rendered":"https:\/\/maoyipacific.com\/?post_type=product&#038;p=3259"},"modified":"2026-03-20T09:13:41","modified_gmt":"2026-03-20T09:13:41","slug":"carton-corrugado-una-cara","status":"publish","type":"product","link":"https:\/\/maoyipacific.com\/index.php\/product\/carton-corrugado-una-cara\/","title":{"rendered":"Cart\u00f3n corrugado una cara"},"content":{"rendered":"<p>Caracter\u00edsticas:<\/p>\n<p>Rollo de cart\u00f3n corrugado Maoyi Pacific fabricado con doble cara para una mejor protecci\u00f3n.<\/p>\n<p>Resistente a la humedad.<\/p>\n<p>Medidas:<\/p>\n<ul>\n<li>1,33 mts.<\/li>\n<\/ul>\n","protected":false},"excerpt":{"rendered":"<p>Usos:<\/p>\n<p>Ideal para la protecci\u00f3n de productos delicados.<\/p>\n<p>Empacar mercanc\u00edas.<\/p>\n<p>Proteger pisos y superficies.<\/p>\n","protected":false},"featured_media":3261,"comment_status":"open","ping_status":"closed","template":"","meta":{"om_disable_all_campaigns":false,"_monsterinsights_skip_tracking":false,"_monsterinsights_sitenote_active":false,"_monsterinsights_sitenote_note":"","_monsterinsights_sitenote_category":0},"product_cat":[36],"product_tag":[],"yoast_head":"<!-- This site is optimized with the Yoast SEO plugin v16.7 - https:\/\/yoast.com\/wordpress\/plugins\/seo\/ -->\n<title>Cart\u00f3n corrugado una cara - Maoyi Pacific<\/title>\n<meta name=\"robots\" content=\"index, follow, max-snippet:-1, max-image-preview:large, max-video-preview:-1\" \/>\n<link rel=\"canonical\" href=\"https:\/\/maoyipacific.com\/index.php\/product\/carton-corrugado-una-cara\/\" \/>\n<meta property=\"og:locale\" content=\"es_ES\" \/>\n<meta property=\"og:type\" content=\"article\" \/>\n<meta property=\"og:title\" content=\"Cart\u00f3n corrugado una cara - Maoyi Pacific\" \/>\n<meta property=\"og:description\" content=\"Usos:  Ideal para la protecci\u00f3n de productos delicados.  Empacar mercanc\u00edas.  Proteger pisos y superficies.\" \/>\n<meta property=\"og:url\" content=\"https:\/\/maoyipacific.com\/index.php\/product\/carton-corrugado-una-cara\/\" \/>\n<meta property=\"og:site_name\" content=\"Maoyi Pacific\" \/>\n<meta property=\"article:modified_time\" content=\"2026-03-20T09:13:41+00:00\" \/>\n<meta property=\"og:image\" content=\"https:\/\/maoyipacific.com\/wp-content\/uploads\/2021\/08\/corugado.png\" \/>\n\t<meta property=\"og:image:width\" content=\"1400\" \/>\n\t<meta property=\"og:image:height\" content=\"1400\" \/>\n<meta name=\"twitter:card\" content=\"summary_large_image\" \/>\n<meta name=\"twitter:label1\" content=\"Tiempo de lectura\" \/>\n\t<meta name=\"twitter:data1\" content=\"1 minuto\" \/>\n<script type=\"application\/ld+json\" class=\"yoast-schema-graph\">{\"@context\":\"https:\/\/schema.org\",\"@graph\":[{\"@type\":\"WebSite\",\"@id\":\"https:\/\/maoyipacific.com\/#website\",\"url\":\"https:\/\/maoyipacific.com\/\",\"name\":\"Maoyi Pacific\",\"description\":\"\",\"potentialAction\":[{\"@type\":\"SearchAction\",\"target\":{\"@type\":\"EntryPoint\",\"urlTemplate\":\"https:\/\/maoyipacific.com\/?s={search_term_string}\"},\"query-input\":\"required name=search_term_string\"}],\"inLanguage\":\"es\"},{\"@type\":\"ImageObject\",\"@id\":\"https:\/\/maoyipacific.com\/index.php\/product\/carton-corrugado-una-cara\/#primaryimage\",\"inLanguage\":\"es\",\"url\":\"https:\/\/maoyipacific.com\/wp-content\/uploads\/2021\/08\/corugado.png\",\"contentUrl\":\"https:\/\/maoyipacific.com\/wp-content\/uploads\/2021\/08\/corugado.png\",\"width\":1400,\"height\":1400},{\"@type\":\"WebPage\",\"@id\":\"https:\/\/maoyipacific.com\/index.php\/product\/carton-corrugado-una-cara\/#webpage\",\"url\":\"https:\/\/maoyipacific.com\/index.php\/product\/carton-corrugado-una-cara\/\",\"name\":\"Cart\\u00f3n corrugado una cara - Maoyi Pacific\",\"isPartOf\":{\"@id\":\"https:\/\/maoyipacific.com\/#website\"},\"primaryImageOfPage\":{\"@id\":\"https:\/\/maoyipacific.com\/index.php\/product\/carton-corrugado-una-cara\/#primaryimage\"},\"datePublished\":\"2021-08-04T15:10:42+00:00\",\"dateModified\":\"2026-03-20T09:13:41+00:00\",\"breadcrumb\":{\"@id\":\"https:\/\/maoyipacific.com\/index.php\/product\/carton-corrugado-una-cara\/#breadcrumb\"},\"inLanguage\":\"es\",\"potentialAction\":[{\"@type\":\"ReadAction\",\"target\":[\"https:\/\/maoyipacific.com\/index.php\/product\/carton-corrugado-una-cara\/\"]}]},{\"@type\":\"BreadcrumbList\",\"@id\":\"https:\/\/maoyipacific.com\/index.php\/product\/carton-corrugado-una-cara\/#breadcrumb\",\"itemListElement\":[{\"@type\":\"ListItem\",\"position\":1,\"name\":\"Portada\",\"item\":\"https:\/\/maoyipacific.com\/\"},{\"@type\":\"ListItem\",\"position\":2,\"name\":\"Store\",\"item\":\"https:\/\/maoyipacific.com\/index.php\/store\/\"},{\"@type\":\"ListItem\",\"position\":3,\"name\":\"Cart\\u00f3n corrugado una cara\"}]}]}<\/script>\n<!-- \/ Yoast SEO plugin. -->","yoast_head_json":{"title":"Cart\u00f3n corrugado una cara - Maoyi Pacific","robots":{"index":"index","follow":"follow","max-snippet":"max-snippet:-1","max-image-preview":"max-image-preview:large","max-video-preview":"max-video-preview:-1"},"canonical":"https:\/\/maoyipacific.com\/index.php\/product\/carton-corrugado-una-cara\/","og_locale":"es_ES","og_type":"article","og_title":"Cart\u00f3n corrugado una cara - Maoyi Pacific","og_description":"Usos:  Ideal para la protecci\u00f3n de productos delicados.  Empacar mercanc\u00edas.  Proteger pisos y superficies.","og_url":"https:\/\/maoyipacific.com\/index.php\/product\/carton-corrugado-una-cara\/","og_site_name":"Maoyi Pacific","article_modified_time":"2026-03-20T09:13:41+00:00","og_image":[{"width":1400,"height":1400,"url":"https:\/\/maoyipacific.com\/wp-content\/uploads\/2021\/08\/corugado.png","path":"\/home\/u896724729\/domains\/maoyipacific.com\/public_html\/wp-content\/uploads\/2021\/08\/corugado.png","size":"full","id":3261,"alt":"","pixels":1960000,"type":"image\/png"}],"twitter_card":"summary_large_image","twitter_misc":{"Tiempo de lectura":"1 minuto"},"schema":{"@context":"https:\/\/schema.org","@graph":[{"@type":"WebSite","@id":"https:\/\/maoyipacific.com\/#website","url":"https:\/\/maoyipacific.com\/","name":"Maoyi Pacific","description":"","potentialAction":[{"@type":"SearchAction","target":{"@type":"EntryPoint","urlTemplate":"https:\/\/maoyipacific.com\/?s={search_term_string}"},"query-input":"required name=search_term_string"}],"inLanguage":"es"},{"@type":"ImageObject","@id":"https:\/\/maoyipacific.com\/index.php\/product\/carton-corrugado-una-cara\/#primaryimage","inLanguage":"es","url":"https:\/\/maoyipacific.com\/wp-content\/uploads\/2021\/08\/corugado.png","contentUrl":"https:\/\/maoyipacific.com\/wp-content\/uploads\/2021\/08\/corugado.png","width":1400,"height":1400},{"@type":"WebPage","@id":"https:\/\/maoyipacific.com\/index.php\/product\/carton-corrugado-una-cara\/#webpage","url":"https:\/\/maoyipacific.com\/index.php\/product\/carton-corrugado-una-cara\/","name":"Cart\u00f3n corrugado una cara - Maoyi Pacific","isPartOf":{"@id":"https:\/\/maoyipacific.com\/#website"},"primaryImageOfPage":{"@id":"https:\/\/maoyipacific.com\/index.php\/product\/carton-corrugado-una-cara\/#primaryimage"},"datePublished":"2021-08-04T15:10:42+00:00","dateModified":"2026-03-20T09:13:41+00:00","breadcrumb":{"@id":"https:\/\/maoyipacific.com\/index.php\/product\/carton-corrugado-una-cara\/#breadcrumb"},"inLanguage":"es","potentialAction":[{"@type":"ReadAction","target":["https:\/\/maoyipacific.com\/index.php\/product\/carton-corrugado-una-cara\/"]}]},{"@type":"BreadcrumbList","@id":"https:\/\/maoyipacific.com\/index.php\/product\/carton-corrugado-una-cara\/#breadcrumb","itemListElement":[{"@type":"ListItem","position":1,"name":"Portada","item":"https:\/\/maoyipacific.com\/"},{"@type":"ListItem","position":2,"name":"Store","item":"https:\/\/maoyipacific.com\/index.php\/store\/"},{"@type":"ListItem","position":3,"name":"Cart\u00f3n corrugado una cara"}]}]}},"_links":{"self":[{"href":"https:\/\/maoyipacific.com\/index.php\/wp-json\/wp\/v2\/product\/3259"}],"collection":[{"href":"https:\/\/maoyipacific.com\/index.php\/wp-json\/wp\/v2\/product"}],"about":[{"href":"https:\/\/maoyipacific.com\/index.php\/wp-json\/wp\/v2\/types\/product"}],"replies":[{"embeddable":true,"href":"https:\/\/maoyipacific.com\/index.php\/wp-json\/wp\/v2\/comments?post=3259"}],"version-history":[{"count":1,"href":"https:\/\/maoyipacific.com\/index.php\/wp-json\/wp\/v2\/product\/3259\/revisions"}],"predecessor-version":[{"id":3263,"href":"https:\/\/maoyipacific.com\/index.php\/wp-json\/wp\/v2\/product\/3259\/revisions\/3263"}],"wp:featuredmedia":[{"embeddable":true,"href":"https:\/\/maoyipacific.com\/index.php\/wp-json\/wp\/v2\/media\/3261"}],"wp:attachment":[{"href":"https:\/\/maoyipacific.com\/index.php\/wp-json\/wp\/v2\/media?parent=3259"}],"wp:term":[{"taxonomy":"product_cat","embeddable":true,"href":"https:\/\/maoyipacific.com\/index.php\/wp-json\/wp\/v2\/product_cat?post=3259"},{"taxonomy":"product_tag","embeddable":true,"href":"https:\/\/maoyipacific.com\/index.php\/wp-json\/wp\/v2\/product_tag?post=3259"}],"curies":[{"name":"wp","href":"https:\/\/api.w.org\/{rel}","templated":true}]}}