{"id":3098,"date":"2021-07-21T18:45:51","date_gmt":"2021-07-21T18:45:51","guid":{"rendered":"https:\/\/maoyipacific.com\/?post_type=product&#038;p=3098"},"modified":"2026-01-13T07:45:54","modified_gmt":"2026-01-13T07:45:54","slug":"cortina-verde-en-polipropileno","status":"publish","type":"product","link":"https:\/\/maoyipacific.com\/index.php\/product\/cortina-verde-en-polipropileno\/","title":{"rendered":"Cortina verde en polipropileno"},"content":{"rendered":"<p>Caracter\u00edsticas:<br \/>\n\u2022 Cortina verde Maoyi Pacific fabricada en polipropileno, aditivada, con protecci\u00f3n UV para mayor durabilidad y f\u00e1cil instalaci\u00f3n.<br \/>\nMedidas:<br \/>\n\u2022 2 x 100 mts.<br \/>\n\u2022 65g\/m\u00b2.<\/p>\n<p>\u20222 x 20 mts.<\/p>\n","protected":false},"excerpt":{"rendered":"<p>Usos:<br \/>\n\u2022 Ideales para cerramientos en obras civiles, avicultura, porcicultura, jardiner\u00eda entre otros.<\/p>\n","protected":false},"featured_media":3069,"comment_status":"open","ping_status":"closed","template":"","meta":{"om_disable_all_campaigns":false,"_monsterinsights_skip_tracking":false,"_monsterinsights_sitenote_active":false,"_monsterinsights_sitenote_note":"","_monsterinsights_sitenote_category":0},"product_cat":[35],"product_tag":[],"yoast_head":"<!-- This site is optimized with the Yoast SEO plugin v16.7 - https:\/\/yoast.com\/wordpress\/plugins\/seo\/ -->\n<title>Cortina verde en polipropileno - Maoyi Pacific<\/title>\n<meta name=\"robots\" content=\"index, follow, max-snippet:-1, max-image-preview:large, max-video-preview:-1\" \/>\n<link rel=\"canonical\" href=\"https:\/\/maoyipacific.com\/index.php\/product\/cortina-verde-en-polipropileno\/\" \/>\n<meta property=\"og:locale\" content=\"es_ES\" \/>\n<meta property=\"og:type\" content=\"article\" \/>\n<meta property=\"og:title\" content=\"Cortina verde en polipropileno - Maoyi Pacific\" \/>\n<meta property=\"og:description\" content=\"Usos: \u2022 Ideales para cerramientos en obras civiles, avicultura, porcicultura, jardiner\u00eda entre otros.\" \/>\n<meta property=\"og:url\" content=\"https:\/\/maoyipacific.com\/index.php\/product\/cortina-verde-en-polipropileno\/\" \/>\n<meta property=\"og:site_name\" content=\"Maoyi Pacific\" \/>\n<meta property=\"article:modified_time\" content=\"2026-01-13T07:45:54+00:00\" \/>\n<meta property=\"og:image\" content=\"https:\/\/maoyipacific.com\/wp-content\/uploads\/2021\/07\/cortina-de-cerramiento-verde.png\" \/>\n\t<meta property=\"og:image:width\" content=\"1800\" \/>\n\t<meta property=\"og:image:height\" content=\"2700\" \/>\n<meta name=\"twitter:card\" content=\"summary_large_image\" \/>\n<meta name=\"twitter:label1\" content=\"Tiempo de lectura\" \/>\n\t<meta name=\"twitter:data1\" content=\"1 minuto\" \/>\n<script type=\"application\/ld+json\" class=\"yoast-schema-graph\">{\"@context\":\"https:\/\/schema.org\",\"@graph\":[{\"@type\":\"WebSite\",\"@id\":\"https:\/\/maoyipacific.com\/#website\",\"url\":\"https:\/\/maoyipacific.com\/\",\"name\":\"Maoyi Pacific\",\"description\":\"\",\"potentialAction\":[{\"@type\":\"SearchAction\",\"target\":{\"@type\":\"EntryPoint\",\"urlTemplate\":\"https:\/\/maoyipacific.com\/?s={search_term_string}\"},\"query-input\":\"required name=search_term_string\"}],\"inLanguage\":\"es\"},{\"@type\":\"ImageObject\",\"@id\":\"https:\/\/maoyipacific.com\/index.php\/product\/cortina-verde-en-polipropileno\/#primaryimage\",\"inLanguage\":\"es\",\"url\":\"https:\/\/maoyipacific.com\/wp-content\/uploads\/2021\/07\/cortina-de-cerramiento-verde.png\",\"contentUrl\":\"https:\/\/maoyipacific.com\/wp-content\/uploads\/2021\/07\/cortina-de-cerramiento-verde.png\",\"width\":1800,\"height\":2700},{\"@type\":\"WebPage\",\"@id\":\"https:\/\/maoyipacific.com\/index.php\/product\/cortina-verde-en-polipropileno\/#webpage\",\"url\":\"https:\/\/maoyipacific.com\/index.php\/product\/cortina-verde-en-polipropileno\/\",\"name\":\"Cortina verde en polipropileno - Maoyi Pacific\",\"isPartOf\":{\"@id\":\"https:\/\/maoyipacific.com\/#website\"},\"primaryImageOfPage\":{\"@id\":\"https:\/\/maoyipacific.com\/index.php\/product\/cortina-verde-en-polipropileno\/#primaryimage\"},\"datePublished\":\"2021-07-21T18:45:51+00:00\",\"dateModified\":\"2026-01-13T07:45:54+00:00\",\"breadcrumb\":{\"@id\":\"https:\/\/maoyipacific.com\/index.php\/product\/cortina-verde-en-polipropileno\/#breadcrumb\"},\"inLanguage\":\"es\",\"potentialAction\":[{\"@type\":\"ReadAction\",\"target\":[\"https:\/\/maoyipacific.com\/index.php\/product\/cortina-verde-en-polipropileno\/\"]}]},{\"@type\":\"BreadcrumbList\",\"@id\":\"https:\/\/maoyipacific.com\/index.php\/product\/cortina-verde-en-polipropileno\/#breadcrumb\",\"itemListElement\":[{\"@type\":\"ListItem\",\"position\":1,\"name\":\"Portada\",\"item\":\"https:\/\/maoyipacific.com\/\"},{\"@type\":\"ListItem\",\"position\":2,\"name\":\"Store\",\"item\":\"https:\/\/maoyipacific.com\/index.php\/store\/\"},{\"@type\":\"ListItem\",\"position\":3,\"name\":\"Cortina verde en polipropileno\"}]}]}<\/script>\n<!-- \/ Yoast SEO plugin. -->","yoast_head_json":{"title":"Cortina verde en polipropileno - Maoyi Pacific","robots":{"index":"index","follow":"follow","max-snippet":"max-snippet:-1","max-image-preview":"max-image-preview:large","max-video-preview":"max-video-preview:-1"},"canonical":"https:\/\/maoyipacific.com\/index.php\/product\/cortina-verde-en-polipropileno\/","og_locale":"es_ES","og_type":"article","og_title":"Cortina verde en polipropileno - Maoyi Pacific","og_description":"Usos: \u2022 Ideales para cerramientos en obras civiles, avicultura, porcicultura, jardiner\u00eda entre otros.","og_url":"https:\/\/maoyipacific.com\/index.php\/product\/cortina-verde-en-polipropileno\/","og_site_name":"Maoyi Pacific","article_modified_time":"2026-01-13T07:45:54+00:00","og_image":[{"width":1800,"height":2700,"url":"https:\/\/maoyipacific.com\/wp-content\/uploads\/2021\/07\/cortina-de-cerramiento-verde.png","path":"\/home\/u896724729\/domains\/maoyipacific.com\/public_html\/wp-content\/uploads\/2021\/07\/cortina-de-cerramiento-verde.png","size":"full","id":3069,"alt":"","pixels":4860000,"type":"image\/png"}],"twitter_card":"summary_large_image","twitter_misc":{"Tiempo de lectura":"1 minuto"},"schema":{"@context":"https:\/\/schema.org","@graph":[{"@type":"WebSite","@id":"https:\/\/maoyipacific.com\/#website","url":"https:\/\/maoyipacific.com\/","name":"Maoyi Pacific","description":"","potentialAction":[{"@type":"SearchAction","target":{"@type":"EntryPoint","urlTemplate":"https:\/\/maoyipacific.com\/?s={search_term_string}"},"query-input":"required name=search_term_string"}],"inLanguage":"es"},{"@type":"ImageObject","@id":"https:\/\/maoyipacific.com\/index.php\/product\/cortina-verde-en-polipropileno\/#primaryimage","inLanguage":"es","url":"https:\/\/maoyipacific.com\/wp-content\/uploads\/2021\/07\/cortina-de-cerramiento-verde.png","contentUrl":"https:\/\/maoyipacific.com\/wp-content\/uploads\/2021\/07\/cortina-de-cerramiento-verde.png","width":1800,"height":2700},{"@type":"WebPage","@id":"https:\/\/maoyipacific.com\/index.php\/product\/cortina-verde-en-polipropileno\/#webpage","url":"https:\/\/maoyipacific.com\/index.php\/product\/cortina-verde-en-polipropileno\/","name":"Cortina verde en polipropileno - Maoyi Pacific","isPartOf":{"@id":"https:\/\/maoyipacific.com\/#website"},"primaryImageOfPage":{"@id":"https:\/\/maoyipacific.com\/index.php\/product\/cortina-verde-en-polipropileno\/#primaryimage"},"datePublished":"2021-07-21T18:45:51+00:00","dateModified":"2026-01-13T07:45:54+00:00","breadcrumb":{"@id":"https:\/\/maoyipacific.com\/index.php\/product\/cortina-verde-en-polipropileno\/#breadcrumb"},"inLanguage":"es","potentialAction":[{"@type":"ReadAction","target":["https:\/\/maoyipacific.com\/index.php\/product\/cortina-verde-en-polipropileno\/"]}]},{"@type":"BreadcrumbList","@id":"https:\/\/maoyipacific.com\/index.php\/product\/cortina-verde-en-polipropileno\/#breadcrumb","itemListElement":[{"@type":"ListItem","position":1,"name":"Portada","item":"https:\/\/maoyipacific.com\/"},{"@type":"ListItem","position":2,"name":"Store","item":"https:\/\/maoyipacific.com\/index.php\/store\/"},{"@type":"ListItem","position":3,"name":"Cortina verde en polipropileno"}]}]}},"_links":{"self":[{"href":"https:\/\/maoyipacific.com\/index.php\/wp-json\/wp\/v2\/product\/3098"}],"collection":[{"href":"https:\/\/maoyipacific.com\/index.php\/wp-json\/wp\/v2\/product"}],"about":[{"href":"https:\/\/maoyipacific.com\/index.php\/wp-json\/wp\/v2\/types\/product"}],"replies":[{"embeddable":true,"href":"https:\/\/maoyipacific.com\/index.php\/wp-json\/wp\/v2\/comments?post=3098"}],"version-history":[{"count":4,"href":"https:\/\/maoyipacific.com\/index.php\/wp-json\/wp\/v2\/product\/3098\/revisions"}],"predecessor-version":[{"id":3417,"href":"https:\/\/maoyipacific.com\/index.php\/wp-json\/wp\/v2\/product\/3098\/revisions\/3417"}],"wp:featuredmedia":[{"embeddable":true,"href":"https:\/\/maoyipacific.com\/index.php\/wp-json\/wp\/v2\/media\/3069"}],"wp:attachment":[{"href":"https:\/\/maoyipacific.com\/index.php\/wp-json\/wp\/v2\/media?parent=3098"}],"wp:term":[{"taxonomy":"product_cat","embeddable":true,"href":"https:\/\/maoyipacific.com\/index.php\/wp-json\/wp\/v2\/product_cat?post=3098"},{"taxonomy":"product_tag","embeddable":true,"href":"https:\/\/maoyipacific.com\/index.php\/wp-json\/wp\/v2\/product_tag?post=3098"}],"curies":[{"name":"wp","href":"https:\/\/api.w.org\/{rel}","templated":true}]}}