{"id":3084,"date":"2021-07-21T18:35:28","date_gmt":"2021-07-21T18:35:28","guid":{"rendered":"https:\/\/maoyipacific.com\/?post_type=product&#038;p=3084"},"modified":"2021-07-21T18:35:29","modified_gmt":"2021-07-21T18:35:29","slug":"cortina-de-polietileno-transparente","status":"publish","type":"product","link":"https:\/\/maoyipacific.com\/index.php\/product\/cortina-de-polietileno-transparente\/","title":{"rendered":"Cortina de Polietileno Transparente"},"content":{"rendered":"<p>Caracter\u00edsticas:<br \/>\nCortina transparente laminada por ambas caras confeccionada en un 100% en polietileno con materiales v\u00edrgenes y protecci\u00f3n UV.<br \/>\nMedidas:<br \/>\nPresentaci\u00f3n en rollo de 2.10 x 150 mts (315m2).<br \/>\nPeso rollo: 34.6 kg &#8211; 110 gr x m2.<br \/>\nEmpaque:<br \/>\nRollo cubierto.<\/p>\n","protected":false},"excerpt":{"rendered":"<p>Usos:<br \/>\n&#8211; Disponible en variedad de colores.<br \/>\n&#8211; Ideal para cerramientos en intemperie.<br \/>\n&#8211; Gracias a sus tejidos laminados evita la acumulaci\u00f3n de part\u00edculas y bacterias.<br \/>\n&#8211; Son usadas principalmente en galpones automatizados como cortinas   internas que permiten el paso de la luz y el aire pues ayudan a controlar la temperatura del ambiente.<br \/>\n&#8211; Las cortinas laminadas son de mayor durabilidad y representan una mejor inversi\u00f3n.<br \/>\n&#8211; Garant\u00eda 2 a\u00f1os.<\/p>\n","protected":false},"featured_media":3070,"comment_status":"open","ping_status":"closed","template":"","meta":{"om_disable_all_campaigns":false,"_monsterinsights_skip_tracking":false,"_monsterinsights_sitenote_active":false,"_monsterinsights_sitenote_note":"","_monsterinsights_sitenote_category":0},"product_cat":[35],"product_tag":[],"yoast_head":"<!-- This site is optimized with the Yoast SEO plugin v16.7 - https:\/\/yoast.com\/wordpress\/plugins\/seo\/ -->\n<title>Cortina de Polietileno Transparente - Maoyi Pacific<\/title>\n<meta name=\"robots\" content=\"index, follow, max-snippet:-1, max-image-preview:large, max-video-preview:-1\" \/>\n<link rel=\"canonical\" href=\"https:\/\/maoyipacific.com\/index.php\/product\/cortina-de-polietileno-transparente\/\" \/>\n<meta property=\"og:locale\" content=\"es_ES\" \/>\n<meta property=\"og:type\" content=\"article\" \/>\n<meta property=\"og:title\" content=\"Cortina de Polietileno Transparente - Maoyi Pacific\" \/>\n<meta property=\"og:description\" content=\"Usos: - Disponible en variedad de colores. - Ideal para cerramientos en intemperie. - Gracias a sus tejidos laminados evita la acumulaci\u00f3n de part\u00edculas y bacterias. - Son usadas principalmente en galpones automatizados como cortinas  internas que permiten el paso de la luz y el aire pues ayudan a controlar la temperatura del ambiente. - Las cortinas laminadas son de mayor durabilidad y representan una mejor inversi\u00f3n. - Garant\u00eda 2 a\u00f1os.\" \/>\n<meta property=\"og:url\" content=\"https:\/\/maoyipacific.com\/index.php\/product\/cortina-de-polietileno-transparente\/\" \/>\n<meta property=\"og:site_name\" content=\"Maoyi Pacific\" \/>\n<meta property=\"article:modified_time\" content=\"2021-07-21T18:35:29+00:00\" \/>\n<meta property=\"og:image\" content=\"https:\/\/maoyipacific.com\/wp-content\/uploads\/2021\/07\/cortina-transparente.png\" \/>\n\t<meta property=\"og:image:width\" content=\"1800\" \/>\n\t<meta property=\"og:image:height\" content=\"1800\" \/>\n<meta name=\"twitter:card\" content=\"summary_large_image\" \/>\n<script type=\"application\/ld+json\" class=\"yoast-schema-graph\">{\"@context\":\"https:\/\/schema.org\",\"@graph\":[{\"@type\":\"WebSite\",\"@id\":\"https:\/\/maoyipacific.com\/#website\",\"url\":\"https:\/\/maoyipacific.com\/\",\"name\":\"Maoyi Pacific\",\"description\":\"\",\"potentialAction\":[{\"@type\":\"SearchAction\",\"target\":{\"@type\":\"EntryPoint\",\"urlTemplate\":\"https:\/\/maoyipacific.com\/?s={search_term_string}\"},\"query-input\":\"required name=search_term_string\"}],\"inLanguage\":\"es\"},{\"@type\":\"ImageObject\",\"@id\":\"https:\/\/maoyipacific.com\/index.php\/product\/cortina-de-polietileno-transparente\/#primaryimage\",\"inLanguage\":\"es\",\"url\":\"https:\/\/maoyipacific.com\/wp-content\/uploads\/2021\/07\/cortina-transparente.png\",\"contentUrl\":\"https:\/\/maoyipacific.com\/wp-content\/uploads\/2021\/07\/cortina-transparente.png\",\"width\":1800,\"height\":1800},{\"@type\":\"WebPage\",\"@id\":\"https:\/\/maoyipacific.com\/index.php\/product\/cortina-de-polietileno-transparente\/#webpage\",\"url\":\"https:\/\/maoyipacific.com\/index.php\/product\/cortina-de-polietileno-transparente\/\",\"name\":\"Cortina de Polietileno Transparente - Maoyi Pacific\",\"isPartOf\":{\"@id\":\"https:\/\/maoyipacific.com\/#website\"},\"primaryImageOfPage\":{\"@id\":\"https:\/\/maoyipacific.com\/index.php\/product\/cortina-de-polietileno-transparente\/#primaryimage\"},\"datePublished\":\"2021-07-21T18:35:28+00:00\",\"dateModified\":\"2021-07-21T18:35:29+00:00\",\"breadcrumb\":{\"@id\":\"https:\/\/maoyipacific.com\/index.php\/product\/cortina-de-polietileno-transparente\/#breadcrumb\"},\"inLanguage\":\"es\",\"potentialAction\":[{\"@type\":\"ReadAction\",\"target\":[\"https:\/\/maoyipacific.com\/index.php\/product\/cortina-de-polietileno-transparente\/\"]}]},{\"@type\":\"BreadcrumbList\",\"@id\":\"https:\/\/maoyipacific.com\/index.php\/product\/cortina-de-polietileno-transparente\/#breadcrumb\",\"itemListElement\":[{\"@type\":\"ListItem\",\"position\":1,\"name\":\"Portada\",\"item\":\"https:\/\/maoyipacific.com\/\"},{\"@type\":\"ListItem\",\"position\":2,\"name\":\"Store\",\"item\":\"https:\/\/maoyipacific.com\/index.php\/store\/\"},{\"@type\":\"ListItem\",\"position\":3,\"name\":\"Cortina de Polietileno Transparente\"}]}]}<\/script>\n<!-- \/ Yoast SEO plugin. -->","yoast_head_json":{"title":"Cortina de Polietileno Transparente - Maoyi Pacific","robots":{"index":"index","follow":"follow","max-snippet":"max-snippet:-1","max-image-preview":"max-image-preview:large","max-video-preview":"max-video-preview:-1"},"canonical":"https:\/\/maoyipacific.com\/index.php\/product\/cortina-de-polietileno-transparente\/","og_locale":"es_ES","og_type":"article","og_title":"Cortina de Polietileno Transparente - Maoyi Pacific","og_description":"Usos: - Disponible en variedad de colores. - Ideal para cerramientos en intemperie. - Gracias a sus tejidos laminados evita la acumulaci\u00f3n de part\u00edculas y bacterias. - Son usadas principalmente en galpones automatizados como cortinas  internas que permiten el paso de la luz y el aire pues ayudan a controlar la temperatura del ambiente. - Las cortinas laminadas son de mayor durabilidad y representan una mejor inversi\u00f3n. - Garant\u00eda 2 a\u00f1os.","og_url":"https:\/\/maoyipacific.com\/index.php\/product\/cortina-de-polietileno-transparente\/","og_site_name":"Maoyi Pacific","article_modified_time":"2021-07-21T18:35:29+00:00","og_image":[{"width":1800,"height":1800,"url":"https:\/\/maoyipacific.com\/wp-content\/uploads\/2021\/07\/cortina-transparente.png","path":"\/home\/u896724729\/domains\/maoyipacific.com\/public_html\/wp-content\/uploads\/2021\/07\/cortina-transparente.png","size":"full","id":3070,"alt":"","pixels":3240000,"type":"image\/png"}],"twitter_card":"summary_large_image","schema":{"@context":"https:\/\/schema.org","@graph":[{"@type":"WebSite","@id":"https:\/\/maoyipacific.com\/#website","url":"https:\/\/maoyipacific.com\/","name":"Maoyi Pacific","description":"","potentialAction":[{"@type":"SearchAction","target":{"@type":"EntryPoint","urlTemplate":"https:\/\/maoyipacific.com\/?s={search_term_string}"},"query-input":"required name=search_term_string"}],"inLanguage":"es"},{"@type":"ImageObject","@id":"https:\/\/maoyipacific.com\/index.php\/product\/cortina-de-polietileno-transparente\/#primaryimage","inLanguage":"es","url":"https:\/\/maoyipacific.com\/wp-content\/uploads\/2021\/07\/cortina-transparente.png","contentUrl":"https:\/\/maoyipacific.com\/wp-content\/uploads\/2021\/07\/cortina-transparente.png","width":1800,"height":1800},{"@type":"WebPage","@id":"https:\/\/maoyipacific.com\/index.php\/product\/cortina-de-polietileno-transparente\/#webpage","url":"https:\/\/maoyipacific.com\/index.php\/product\/cortina-de-polietileno-transparente\/","name":"Cortina de Polietileno Transparente - Maoyi Pacific","isPartOf":{"@id":"https:\/\/maoyipacific.com\/#website"},"primaryImageOfPage":{"@id":"https:\/\/maoyipacific.com\/index.php\/product\/cortina-de-polietileno-transparente\/#primaryimage"},"datePublished":"2021-07-21T18:35:28+00:00","dateModified":"2021-07-21T18:35:29+00:00","breadcrumb":{"@id":"https:\/\/maoyipacific.com\/index.php\/product\/cortina-de-polietileno-transparente\/#breadcrumb"},"inLanguage":"es","potentialAction":[{"@type":"ReadAction","target":["https:\/\/maoyipacific.com\/index.php\/product\/cortina-de-polietileno-transparente\/"]}]},{"@type":"BreadcrumbList","@id":"https:\/\/maoyipacific.com\/index.php\/product\/cortina-de-polietileno-transparente\/#breadcrumb","itemListElement":[{"@type":"ListItem","position":1,"name":"Portada","item":"https:\/\/maoyipacific.com\/"},{"@type":"ListItem","position":2,"name":"Store","item":"https:\/\/maoyipacific.com\/index.php\/store\/"},{"@type":"ListItem","position":3,"name":"Cortina de Polietileno Transparente"}]}]}},"_links":{"self":[{"href":"https:\/\/maoyipacific.com\/index.php\/wp-json\/wp\/v2\/product\/3084"}],"collection":[{"href":"https:\/\/maoyipacific.com\/index.php\/wp-json\/wp\/v2\/product"}],"about":[{"href":"https:\/\/maoyipacific.com\/index.php\/wp-json\/wp\/v2\/types\/product"}],"replies":[{"embeddable":true,"href":"https:\/\/maoyipacific.com\/index.php\/wp-json\/wp\/v2\/comments?post=3084"}],"version-history":[{"count":1,"href":"https:\/\/maoyipacific.com\/index.php\/wp-json\/wp\/v2\/product\/3084\/revisions"}],"predecessor-version":[{"id":3085,"href":"https:\/\/maoyipacific.com\/index.php\/wp-json\/wp\/v2\/product\/3084\/revisions\/3085"}],"wp:featuredmedia":[{"embeddable":true,"href":"https:\/\/maoyipacific.com\/index.php\/wp-json\/wp\/v2\/media\/3070"}],"wp:attachment":[{"href":"https:\/\/maoyipacific.com\/index.php\/wp-json\/wp\/v2\/media?parent=3084"}],"wp:term":[{"taxonomy":"product_cat","embeddable":true,"href":"https:\/\/maoyipacific.com\/index.php\/wp-json\/wp\/v2\/product_cat?post=3084"},{"taxonomy":"product_tag","embeddable":true,"href":"https:\/\/maoyipacific.com\/index.php\/wp-json\/wp\/v2\/product_tag?post=3084"}],"curies":[{"name":"wp","href":"https:\/\/api.w.org\/{rel}","templated":true}]}}